{"id":121,"date":"2020-11-04T08:39:11","date_gmt":"2020-11-04T13:39:11","guid":{"rendered":"http:\/\/monsfmp.ca\/?page_id=121"},"modified":"2023-04-13T11:03:15","modified_gmt":"2023-04-13T15:03:15","slug":"convention-collective-de-travail-2015-2019","status":"publish","type":"page","link":"https:\/\/monsfmp.ca\/?page_id=121","title":{"rendered":"Conventions collectives"},"content":{"rendered":"\n<div class=\"wp-block-group\"><div class=\"wp-block-group__inner-container is-layout-flow wp-block-group-is-layout-flow\">\n<div class=\"wp-block-group\"><div class=\"wp-block-group__inner-container is-layout-flow wp-block-group-is-layout-flow\">\n<p><strong>Cols-blancs<\/strong><br>La <strong>Convention Collective du personnel cols-blancs 2020- 2026<\/strong> est disponible pour le moment dans l&#8217;espace ville : dans l&#8217;onglet Mon espace -> Conditions de travail -> Conventions collectives et lettres d&#8217;ententes <\/p>\n<\/div><\/div>\n\n\n\n<p>Si vous d\u00e9sirez recevoir une version papier, veuillez communiquer avec nous par courriel.<\/p>\n\n\n\n<p><strong>Aquatique<\/strong><br>La <strong>Convention Collective du personnel aquatique 2020- 2026<\/strong> est disponible pour le moment dans l&#8217;espace ville : dans l&#8217;onglet Mon espace -> Conditions de travail -> Conventions collectives et lettres d&#8217;ententes<\/p>\n\n\n\n<p><strong>\u00c9tudiants<\/strong><br>La <strong>Convention Collective des \u00e9tudiants  2020- 2026<\/strong> a \u00e9t\u00e9 sign\u00e9e derni\u00e8rement et sera disponible dans l&#8217;espace Ville prochainement.<\/p>\n\n\n\n<h2 class=\"wp-block-heading\" id=\"actualite-avril-2021\"><\/h2>\n\n\n\n<h2 class=\"wp-block-heading\" id=\"resume-des-negociations\"><\/h2>\n\n\n\n<p> <br><\/p>\n\n\n\n<h2 class=\"wp-block-heading\" id=\"actualite-janvier-2021\"><\/h2>\n<\/div><\/div>\n\n\n\n<p><\/p>\n","protected":false},"excerpt":{"rendered":"<p>Cols-blancsLa Convention Collective du personnel cols-blancs 2020- 2026 est disponible pour le moment dans l&#8217;espace ville : dans l&#8217;onglet Mon espace -> Conditions de travail -> Conventions collectives et lettres d&#8217;ententes Si vous d\u00e9sirez recevoir une version papier, veuillez communiquer avec nous par courriel. AquatiqueLa Convention Collective du personnel aquatique 2020- 2026 est disponible pour &hellip; <\/p>\n<p class=\"link-more\"><a href=\"https:\/\/monsfmp.ca\/?page_id=121\" class=\"more-link\">Continuer la lecture<span class=\"screen-reader-text\"> de &laquo;&nbsp;Conventions collectives&nbsp;&raquo;<\/span><\/a><\/p>\n","protected":false},"author":1,"featured_media":0,"parent":0,"menu_order":0,"comment_status":"closed","ping_status":"closed","template":"","meta":{"footnotes":""},"class_list":["post-121","page","type-page","status-publish","hentry"],"_links":{"self":[{"href":"https:\/\/monsfmp.ca\/index.php?rest_route=\/wp\/v2\/pages\/121","targetHints":{"allow":["GET"]}}],"collection":[{"href":"https:\/\/monsfmp.ca\/index.php?rest_route=\/wp\/v2\/pages"}],"about":[{"href":"https:\/\/monsfmp.ca\/index.php?rest_route=\/wp\/v2\/types\/page"}],"author":[{"embeddable":true,"href":"https:\/\/monsfmp.ca\/index.php?rest_route=\/wp\/v2\/users\/1"}],"replies":[{"embeddable":true,"href":"https:\/\/monsfmp.ca\/index.php?rest_route=%2Fwp%2Fv2%2Fcomments&post=121"}],"version-history":[{"count":24,"href":"https:\/\/monsfmp.ca\/index.php?rest_route=\/wp\/v2\/pages\/121\/revisions"}],"predecessor-version":[{"id":464,"href":"https:\/\/monsfmp.ca\/index.php?rest_route=\/wp\/v2\/pages\/121\/revisions\/464"}],"wp:attachment":[{"href":"https:\/\/monsfmp.ca\/index.php?rest_route=%2Fwp%2Fv2%2Fmedia&parent=121"}],"curies":[{"name":"wp","href":"https:\/\/api.w.org\/{rel}","templated":true}]}}