{"id":16,"date":"2020-08-26T17:26:12","date_gmt":"2020-08-26T21:26:12","guid":{"rendered":"http:\/\/monsfmp.ca\/?page_id=16"},"modified":"2023-04-13T14:29:46","modified_gmt":"2023-04-13T18:29:46","slug":"formulaires-au-membres","status":"publish","type":"page","link":"https:\/\/monsfmp.ca\/?page_id=16","title":{"rendered":"Formulaires aux membres"},"content":{"rendered":"\n<p>Voici une liste de formulaire mis \u00e0 votre disposition<\/p>\n\n\n\n<p><strong>Formulaire d&#8217;adh\u00e9sion syndicale<\/strong><\/p>\n\n\n\n<p><a href=\"http:\/\/monsfmp.ca\/wp-content\/uploads\/2021\/06\/Formulaire_adhesion-des-membres.pdf\">Formulaire_adhesion-des-membres<\/a><\/p>\n\n\n\n<p><strong>Formulaire de candidature \u00e0 un poste lors d&#8217;une absence<\/strong><\/p>\n\n\n\n<p><a href=\"http:\/\/monsfmp.ca\/wp-content\/uploads\/2020\/09\/Formulaire-Candidature-a-un-poste-lors-dune-absence_cc-2015-2019.doc\">Candidature \u00e0 un poste lors d&#8217;une absence<\/a><\/p>\n","protected":false},"excerpt":{"rendered":"<p>Voici une liste de formulaire mis \u00e0 votre disposition Formulaire d&#8217;adh\u00e9sion syndicale Formulaire_adhesion-des-membres Formulaire de candidature \u00e0 un poste lors d&#8217;une absence Candidature \u00e0 un poste lors d&#8217;une absence<\/p>\n","protected":false},"author":1,"featured_media":0,"parent":0,"menu_order":0,"comment_status":"closed","ping_status":"closed","template":"","meta":{"footnotes":""},"class_list":["post-16","page","type-page","status-publish","hentry"],"_links":{"self":[{"href":"https:\/\/monsfmp.ca\/index.php?rest_route=\/wp\/v2\/pages\/16","targetHints":{"allow":["GET"]}}],"collection":[{"href":"https:\/\/monsfmp.ca\/index.php?rest_route=\/wp\/v2\/pages"}],"about":[{"href":"https:\/\/monsfmp.ca\/index.php?rest_route=\/wp\/v2\/types\/page"}],"author":[{"embeddable":true,"href":"https:\/\/monsfmp.ca\/index.php?rest_route=\/wp\/v2\/users\/1"}],"replies":[{"embeddable":true,"href":"https:\/\/monsfmp.ca\/index.php?rest_route=%2Fwp%2Fv2%2Fcomments&post=16"}],"version-history":[{"count":12,"href":"https:\/\/monsfmp.ca\/index.php?rest_route=\/wp\/v2\/pages\/16\/revisions"}],"predecessor-version":[{"id":491,"href":"https:\/\/monsfmp.ca\/index.php?rest_route=\/wp\/v2\/pages\/16\/revisions\/491"}],"wp:attachment":[{"href":"https:\/\/monsfmp.ca\/index.php?rest_route=%2Fwp%2Fv2%2Fmedia&parent=16"}],"curies":[{"name":"wp","href":"https:\/\/api.w.org\/{rel}","templated":true}]}}