{"id":28,"date":"2020-08-27T14:37:58","date_gmt":"2020-08-27T18:37:58","guid":{"rendered":"http:\/\/monsfmp.ca\/?page_id=28"},"modified":"2023-04-13T14:33:24","modified_gmt":"2023-04-13T18:33:24","slug":"a-propos","status":"publish","type":"page","link":"https:\/\/monsfmp.ca\/?page_id=28","title":{"rendered":"\u00c0 propos"},"content":{"rendered":"\n<h2 class=\"wp-block-heading\" id=\"mot-du-president\">Mot du pr\u00e9sident<\/h2>\n\n\n\n<p><strong>LA FORCE SYNDICALE<\/strong><\/p>\n\n\n\n<p>Chers membres,<\/p>\n\n\n\n<p>Un jour, un coll\u00e8gue, pas dans le m\u00eame service que moi, mais un coll\u00e8gue quand m\u00eame, m\u2019a dit&nbsp;: <em>\u00ab&nbsp;Carl, tu devrais nous rejoindre dans l\u2019ex\u00e9cutif syndical\u2026 Y a un poste de directeur qui se lib\u00e8re et me semble que tu as la fibre syndicale qui fait que tu serais \u00e0 ta place!<\/em>&nbsp;\u00bb Et bien, il avait raison! C\u2019est ce qui d\u00e9finit un dirigeant syndical, la fibre syndicale!! Cette anecdote remonte \u00e0 2007 d\u00e9j\u00e0. Au fil des ann\u00e9es, on apprend, on \u00e9coute, on r\u00e9agit et on agit! Une continuit\u00e9 de ce que nos pr\u00e9d\u00e9cesseurs d\u2019exp\u00e9riences \u00e0 la pr\u00e9sidence, comme R\u00e9jean Beauchemin et Jacques Talbot ou encore au secr\u00e9tariat, Lisette Hogue m\u2019ont l\u00e9gu\u00e9s. Tout \u00e7a se fait en collaboration avec une \u00e9quipe, sans quoi, ce ne serait juste pas possible. Cette \u00e9quipe carbure qu\u2019\u00e0 une seule chose, le d\u00e9sir de vouloir prot\u00e9ger et am\u00e9liorer les droits de ses membres! Parlons s\u2019en de ses membres\u2026 Le Syndicat des fonctionnaires municipaux et professionnels de la Ville de Sherbrooke (SFMP), ce n\u2019est pas moi ni l\u2019ex\u00e9cutif, c\u2019est nous tous\u2026 les plus de 500 membres qui sont pr\u00e9sents et qui disent \u00e0 la Ville, \u00ab&nbsp;<em>nos conditions de travail sont la priorit\u00e9 et personne ne viendra nous les enlever!&nbsp;\u00bb<\/em> La force syndicale, c\u2019est \u00e7a!!<\/p>\n\n\n\n<p>Le SFMP est affili\u00e9 \u00e0 la FISA depuis le d\u00e9but et encore \u00e0 ce jour. Ce n\u2019est pas parce que c\u2019est plus facile ou par habitude. La raison est fort simple, l\u2019autonomie de nos d\u00e9cisions, la gestion locale de nos int\u00e9r\u00eats en s\u2019appuyant sur l\u2019expertise et les conseils d\u2019une centrale qui nous laisse gouverner, mais qui nous supporte, et ce, sans nous imposer une orientation ou une vision qui n\u2019est pas celle du SFMP. C\u2019est aussi \u00e7a NOTRE force syndicale!!<\/p>\n\n\n\n<p>Des d\u00e9fis, nous en avons eu des masses et ils seront encore nombreux dans les prochaines ann\u00e9es. Tous ensemble, les membres du SFMP nous allons les relever et surtout, tous ensemble, nous r\u00e9pondrons pr\u00e9sents!!<\/p>\n\n\n\n<p>En mon nom et celui de l\u2019ex\u00e9cutif syndical, nous sommes fiers de pouvoir vous offrir ce site Internet qui nous l\u2019esp\u00e9rons sera vous plaire et vous informer sur votre vie syndicale.<\/p>\n\n\n\n<p>Merci<br>Carl Veilleux<br>Pr\u00e9sident &#8211; SFMP<\/p>\n\n\n\n<p><\/p>\n\n\n\n<hr class=\"wp-block-separator has-css-opacity\"\/>\n\n\n\n<h2 class=\"wp-block-heading\" id=\"mandat\"><strong>Mandat<\/strong><\/h2>\n\n\n\n<p><strong>Notre mission<\/strong><br>Le Syndicat des fonctionnaires municipaux et professionnels (SFMP) repr\u00e9sente plus de 500&nbsp;membres cols blancs et professionnels de la Ville de Sherbrooke, en plus de poss\u00e9der l\u2019accr\u00e9ditation du personnel aquatique.<br><br>La mission premi\u00e8re du syndicat est de d\u00e9fendre les droits et les conditions de travail des salari\u00e9s, mais aussi les int\u00e9r\u00eats personnels, professionnels et \u00e9conomiques de tous ses membres. Il a \u00e0 c\u0153ur les valeurs de justice, d&#8217;\u00e9quit\u00e9 et de respects des droits pour chacun et chacune.<\/p>\n\n\n\n<p><strong>Notre alliance<\/strong><br>Nous sommes affili\u00e9s avec la centrale syndicale de la F\u00e9d\u00e9ration ind\u00e9pendante des syndicats autonomes (FISA) depuis plus de 50&nbsp;ans.&nbsp;<br><br>Avec eux, notre mandat est de:<\/p>\n\n\n\n<ul class=\"wp-block-list\">\n<li>Prot\u00e9ger (les droits);<\/li>\n\n\n\n<li>Regrouper (les individus au sein d&#8217;une m\u00eame organisation);<\/li>\n\n\n\n<li>R\u00e9sister et pers\u00e9v\u00e9rer (dans les processus d&#8217;am\u00e9lioration).<br><br>Dynamique et rassembleur, nous catalysons l&#8217;\u00e9nergie de nos membres pour \u00e9laborer des propositions novatrice et mobilisatrice, favorisant le progr\u00e8s et la justice sociale.<br>Le syndicat a le pouvoir exclusif et la responsabilit\u00e9 d&#8217;agir \u00e0 titre de porte-parole des employ\u00e9s qu&#8217;il repr\u00e9sente. En contrepartie, il a l&#8217;obligation d&#8217;assurer avec impartialit\u00e9 cette repr\u00e9sentation et mener \u00e0 terme les combats qu&#8217;il entreprend en faveur de ses membres.<\/li>\n<\/ul>\n\n\n\n<hr class=\"wp-block-separator has-css-opacity\"\/>\n\n\n\n<hr class=\"wp-block-separator has-css-opacity\"\/>\n\n\n\n<h2 class=\"wp-block-heading\" id=\"historique-des-conventions-collectives\">Historique des conventions collectives<\/h2>\n\n\n\n<p><em><strong>Cols-blancs<\/strong><\/em><\/p>\n\n\n\n<div class=\"wp-block-group\"><div class=\"wp-block-group__inner-container is-layout-flow wp-block-group-is-layout-flow\"><\/div><\/div>\n\n\n\n<div class=\"wp-block-group\"><div class=\"wp-block-group__inner-container is-layout-flow wp-block-group-is-layout-flow\">\n<div class=\"wp-block-group\"><div class=\"wp-block-group__inner-container is-layout-flow wp-block-group-is-layout-flow\">\n<div class=\"wp-block-group\"><div class=\"wp-block-group__inner-container is-layout-flow wp-block-group-is-layout-flow\">\n<p><strong>1970-1971<\/strong><\/p>\n\n\n\n<p>Signature de la convention collective le 24 juillet 1970 entre La Cit\u00e9 de Sherbrooke et le SFM de la Cit\u00e9 de Sherbrooke<\/p>\n\n\n\n<p><em>\u00c9taient pr\u00e9sents \u00e0 la signature :<\/em><br>Maire : Marc Bureau<br>Greffier : H-P Emond<br>Pr\u00e9sident : G\u00e9rard Therriault<br>Secr\u00e9taire : Fernand Gr\u00e9goire<\/p>\n<\/div><\/div>\n\n\n\n<p>1972-1973<\/p>\n<\/div><\/div>\n\n\n\n<p><\/p>\n<\/div><\/div>\n\n\n\n<p><strong>1974-1975<\/strong><\/p>\n\n\n\n<p>Signature de la convention collective le 23 ao\u00fbt 1974 entre La Cit\u00e9 de Sherbrooke et le syndicat des fonctionnaires municipaux de la Cit\u00e9 de Sherbrooke<\/p>\n\n\n\n<div class=\"wp-block-group\"><div class=\"wp-block-group__inner-container is-layout-flow wp-block-group-is-layout-flow\">\n<p><strong>1976-1977<\/strong><\/p>\n\n\n\n<p>Signature de la convention collective le 17 juin 1976 entre La Cit\u00e9 de Sherbrooke et le syndicat des fonctionnaires municipaux de la Cit\u00e9 de Sherbrooke<\/p>\n\n\n\n<p><em>\u00c9taient pr\u00e9sents \u00e0 la signature:<\/em><br>Maire: Jacques O&#8217;Bready<br>Greffier: Robert L. B\u00e9lisle<br>Pr\u00e9sident: Pierre Lemaire<br>Secr\u00e9taire: Jacques B\u00e9langer<\/p>\n<\/div><\/div>\n\n\n\n<div class=\"wp-block-group\"><div class=\"wp-block-group__inner-container is-layout-flow wp-block-group-is-layout-flow\">\n<p><strong>1978-1979<\/strong><\/p>\n\n\n\n<p>Signature de la convention collective le 4 d\u00e9cembre 1978 entre Le syndicat des fonctionnaires municipaux de la Ville de Sherbrooke<\/p>\n<\/div><\/div>\n\n\n\n<div class=\"wp-block-group\"><div class=\"wp-block-group__inner-container is-layout-flow wp-block-group-is-layout-flow\">\n<p><strong>1980-1982<\/strong><\/p>\n\n\n\n<p>Signature de la convention collective le 25 ao\u00fbt 1980 entre Le syndicat des fonctionnaires municipaux de la Ville de Sherbrooke<\/p>\n<\/div><\/div>\n\n\n\n<div class=\"wp-block-group\"><div class=\"wp-block-group__inner-container is-layout-flow wp-block-group-is-layout-flow\">\n<p><strong>1983-1984<\/strong><\/p>\n\n\n\n<p>Signature de la convention collective le 17 novembre 1983 entre Le syndicat des fonctionnaires municipaux de la Ville de Sherbrooke<\/p>\n\n\n\n<p><em>\u00c9taient pr\u00e9sents \u00e0 la signature :<\/em><br>Maire : Jean-Paul Pelletier<br>Greffier : Robert B\u00e9lisle<br>Pr\u00e9sident : Yves P\u00e9pin<br>Secr\u00e9taire : Lyne Camir\u00e9<\/p>\n<\/div><\/div>\n\n\n\n<div class=\"wp-block-group\"><div class=\"wp-block-group__inner-container is-layout-flow wp-block-group-is-layout-flow\">\n<p><strong>1985-1986<\/strong><\/p>\n\n\n\n<p>Signature de la convention collective le 22 octobre 1985 entre Le syndicat des fonctionnaires municipaux de la Ville de Sherbrooke<\/p>\n\n\n\n<p><em>\u00c9taient pr\u00e9sents \u00e0 la signature :<\/em><br>Maire : Jean-Paul Pelletier<br>Greffier : Robert B\u00e9lisle<br>Pr\u00e9sident : Gilles Bolduc<br>Secr\u00e9taire : Lise Fortier<\/p>\n<\/div><\/div>\n\n\n\n<div class=\"wp-block-group\"><div class=\"wp-block-group__inner-container is-layout-flow wp-block-group-is-layout-flow\">\n<p><strong>1987-1988<\/strong><\/p>\n\n\n\n<p>Signature de la convention collective le 26 janvier 1988 entre Le syndicat des fonctionnaires municipaux de la Ville de Sherbrooke<\/p>\n\n\n\n<p><em>\u00c9taient pr\u00e9sents \u00e0 la signature :<\/em><br>Maire : Jean-Paul Pelletier<br>Greffier : Pierre Huard<br>Pr\u00e9sident : Gilles Bolduc<br>Secr\u00e9taire : Lise Lemieux<\/p>\n<\/div><\/div>\n\n\n\n<div class=\"wp-block-group\"><div class=\"wp-block-group__inner-container is-layout-flow wp-block-group-is-layout-flow\">\n<p><strong>1989-1990<\/strong><\/p>\n\n\n\n<p>Signature de la convention collective le 19 d\u00e9cembre 1989 entre Le syndicat des fonctionnaires municipaux de la Ville de Sherbrooke<\/p>\n\n\n\n<p><em>\u00c9taient pr\u00e9sents \u00e0 la signature :<\/em><br>Maire: Jean-Paul Pelletier<br>Greffi\u00e8re: Danielle Ouellet<br>Pr\u00e9sident: R\u00e9jean Beauchemin<br>Secr\u00e9taire: Lise Lemieux<\/p>\n<\/div><\/div>\n\n\n\n<div class=\"wp-block-group\"><div class=\"wp-block-group__inner-container is-layout-flow wp-block-group-is-layout-flow\">\n<p><strong>1991-1992<\/strong><\/p>\n\n\n\n<p>Signature de la convention collective le 5 juillet 1991 entre Le syndicat des fonctionnaires municipaux de la Ville de Sherbrooke<\/p>\n\n\n\n<p><em>\u00c9taient pr\u00e9sents \u00e0 la signature:<\/em><br>Maire : Paul Gervais<br>Greffier : Pierre Huard<br>Pr\u00e9sident : R\u00e9jean Beauchemin<br>Secr\u00e9taire : Lise Lemieux<\/p>\n<\/div><\/div>\n\n\n\n<div class=\"wp-block-group\"><div class=\"wp-block-group__inner-container is-layout-flow wp-block-group-is-layout-flow\">\n<p><strong>1993-1995<\/strong><\/p>\n\n\n\n<p>Signature de la convention collective le 30 mai 1994 entre Le syndicat des fonctionnaires municipaux de la Ville de Sherbrooke<\/p>\n\n\n\n<p><em>\u00c9taient pr\u00e9sents \u00e0 la signature :<\/em><br>Maire : Paul Gervais<br>Greffier : Pierre Huard<br>Pr\u00e9sident : R\u00e9jean Beauchemin<br>Secr\u00e9taire : Lise Lemieux<\/p>\n<\/div><\/div>\n\n\n\n<div class=\"wp-block-group\"><div class=\"wp-block-group__inner-container is-layout-flow wp-block-group-is-layout-flow\">\n<p><strong>1996-1997<\/strong><\/p>\n\n\n\n<p>Signature de la convention collective le 30 mai 1994 entre Le syndicat des fonctionnaires municipaux de la Ville de Sherbrooke.<\/p>\n<\/div><\/div>\n\n\n\n<div class=\"wp-block-group\"><div class=\"wp-block-group__inner-container is-layout-flow wp-block-group-is-layout-flow\">\n<p><strong>1998-2002<\/strong><\/p>\n\n\n\n<p>Signature de la convention collective le 12 juillet 1999 entre Le syndicat des fonctionnaires municipaux de la Ville de Sherbrooke.<\/p>\n\n\n\n<p><em>\u00c9taient pr\u00e9sents \u00e0 la signature :<\/em><br>Maire : Jean Perreault<br>Greffier : Pierre Huard<br>Pr\u00e9sident : Jacques Talbot pour R\u00e9jean Beauchemin<br>Secr\u00e9taire : Lisette Hogue<\/p>\n\n\n\n<p>En 1998, il y a eu la fusion des municipalit\u00e9s, donc les conventions ont tous \u00e9t\u00e9 int\u00e9gr\u00e9es \u00e0 une seule et m\u00eame convention pour tous les cols-blancs de la Ville de Sherbrooke.<\/p>\n<\/div><\/div>\n\n\n\n<div class=\"wp-block-group\"><div class=\"wp-block-group__inner-container is-layout-flow wp-block-group-is-layout-flow\">\n<p><strong>2003-2007<\/strong><\/p>\n\n\n\n<p>Signature de la convention collective le 25 ao\u00fbt 2005 entre Le syndicat des fonctionnaires municipaux et professionnel de la Ville de Sherbrooke.<\/p>\n\n\n\n<p><em>\u00c9taient pr\u00e9sents \u00e0 la signature :<\/em><br>Maire : Jean Perreault<br>Greffi\u00e8re : Isabelle Sauv\u00e9<br>Pr\u00e9sident : R\u00e9jean Beauchemin<br>Secr\u00e9taire : Lisette Hogue<\/p>\n<\/div><\/div>\n\n\n\n<div class=\"wp-block-group\"><div class=\"wp-block-group__inner-container is-layout-flow wp-block-group-is-layout-flow\">\n<p><strong>2008-2012<\/strong><\/p>\n\n\n\n<p>Signature de la convention collective le 17 septembre 2009 entre Le syndicat des fonctionnaires municipaux et professionnel de la Ville de Sherbrooke.<\/p>\n\n\n\n<p><em>\u00c9taient pr\u00e9sents \u00e0 la signature:<\/em><br>Maire: Jean Perreault<br>Greffi\u00e8re: Isabelle Sauv\u00e9<br>Pr\u00e9sident: Jacques Talbot<br>Secr\u00e9taire: Lisette Hogue<\/p>\n<\/div><\/div>\n\n\n\n<div class=\"wp-block-group\"><div class=\"wp-block-group__inner-container is-layout-flow wp-block-group-is-layout-flow\">\n<p><strong>2012-2014<\/strong><\/p>\n\n\n\n<p>La convention collective de 2008 \u00e0 2012 a \u00e9t\u00e9 reconduite jusqu&#8217;\u00e0 la fin de l&#8217;ann\u00e9e 2014.<\/p>\n<\/div><\/div>\n\n\n\n<div class=\"wp-block-group\"><div class=\"wp-block-group__inner-container is-layout-flow wp-block-group-is-layout-flow\">\n<div class=\"wp-block-group\"><div class=\"wp-block-group__inner-container is-layout-flow wp-block-group-is-layout-flow\">\n<p><strong>2015-2019<\/strong><\/p>\n\n\n\n<p>Signature de la convention collective le 19 septembre 2017 entre Le syndicat des fonctionnaires municipaux et professionnel de la Ville de Sherbrooke.<\/p>\n\n\n\n<p><em>\u00c9taient pr\u00e9sents \u00e0 la signature :<\/em><br>Maire : Bernard S\u00e9vigny<br>Greffi\u00e8re : Isabelle Sauv\u00e9<br>Pr\u00e9sident : Carl Veilleux<br>Secr\u00e9taire : Lisette Hogue<\/p>\n<\/div><\/div>\n<\/div><\/div>\n\n\n\n<div class=\"wp-block-group\"><div class=\"wp-block-group__inner-container is-layout-flow wp-block-group-is-layout-flow\">\n<p><strong>2020-2026<\/strong><\/p>\n\n\n\n<p>Signature de la convention collective le 6 octobre 2021 entre Le syndicat des fonctionnaires municipaux et professionnel de la Ville de Sherbrooke.<\/p>\n\n\n\n<p><em>\u00c9taient pr\u00e9sents \u00e0 la signature :<\/em><br>Directrice des ressources humaines : Nathalie Carignan<br>Greffi\u00e8re : Line Chabot<br>Pr\u00e9sident : Carl Veilleux<br>Secr\u00e9taire : Fanny Perreault<\/p>\n<\/div><\/div>\n\n\n\n<p><strong><em>Aquatique<\/em><\/strong><\/p>\n\n\n\n<div class=\"wp-block-group\"><div class=\"wp-block-group__inner-container is-layout-flow wp-block-group-is-layout-flow\">\n<p><strong>\u00c9ch\u00e9ance 31 d\u00e9cembre 2007<\/strong><\/p>\n\n\n\n<p>Signature de la convention collective le 23 juin 2005 entre Le syndicat des fonctionnaires municipaux et professionnel de la Ville de Sherbrooke (personnel aquatique)<\/p>\n\n\n\n<p><em>\u00c9taient pr\u00e9sents \u00e0 la signature :<\/em><br>Maire : Jean Perreault<br>Greffi\u00e8re : Isabelle Sauv\u00e9<br>Pr\u00e9sident : R\u00e9jean Beauchemin<br>Secr\u00e9taire : Lisette Hogue<\/p>\n<\/div><\/div>\n\n\n\n<p><strong>\u00c9ch\u00e9ance 31 d\u00e9cembre 2012<\/strong><\/p>\n\n\n\n<p>Signature de la convention collective le 8 juillet 2008 entre Le syndicat des fonctionnaires municipaux et professionnel de la Ville de Sherbrooke (personnel aquatique)<\/p>\n\n\n\n<p><em>\u00c9taient pr\u00e9sents \u00e0 la signature :<\/em><br>Maire : Jean Perreault<br>Greffi\u00e8re : Isabelle Sauv\u00e9<br>Pr\u00e9sident : Jacques Talbot<br>Secr\u00e9taire : Lisette Hogue<\/p>\n\n\n\n<p><strong>\u00c9ch\u00e9ance 31 d\u00e9cembre 2007<\/strong><\/p>\n\n\n\n<p>Signature de la convention collective le 23 juin 2005 entre Le syndicat des fonctionnaires municipaux et professionnel de la Ville de Sherbrooke (personnel aquatique)<\/p>\n\n\n\n<p><em>\u00c9taient pr\u00e9sents \u00e0 la signature :<\/em><br>Maire : Jean Perreault<br>Greffi\u00e8re : Isabelle Sauv\u00e9<br>Pr\u00e9sident : R\u00e9jean Beauchemin<br>Secr\u00e9taire : Lisette Hogue<\/p>\n\n\n\n<div class=\"wp-block-group\"><div class=\"wp-block-group__inner-container is-layout-flow wp-block-group-is-layout-flow\">\n<p><strong>2015-2019<\/strong><\/p>\n\n\n\n<p>Signature de la convention collective le 19 juin 2017 entre Le syndicat des fonctionnaires municipaux et professionnel de la Ville de Sherbrooke (personnel aquatique)<\/p>\n\n\n\n<p><em>\u00c9taient pr\u00e9sents \u00e0 la signature :<\/em><br>Maire : Bernard S\u00e9vigny<br>Greffi\u00e8re : Isabelle Sauv\u00e9<br>Pr\u00e9sident : Carl Veilleux<br>Secr\u00e9taire : Lisette Hogue<\/p>\n<\/div><\/div>\n\n\n\n<hr class=\"wp-block-separator has-css-opacity\"\/>\n\n\n\n<p><strong>2020-2026<\/strong><\/p>\n\n\n\n<p>\u00c0 venir &#8230;<\/p>\n","protected":false},"excerpt":{"rendered":"<p>Mot du pr\u00e9sident LA FORCE SYNDICALE Chers membres, Un jour, un coll\u00e8gue, pas dans le m\u00eame service que moi, mais un coll\u00e8gue quand m\u00eame, m\u2019a dit&nbsp;: \u00ab&nbsp;Carl, tu devrais nous rejoindre dans l\u2019ex\u00e9cutif syndical\u2026 Y a un poste de directeur qui se lib\u00e8re et me semble que tu as la fibre syndicale qui fait que &hellip; <\/p>\n<p class=\"link-more\"><a href=\"https:\/\/monsfmp.ca\/?page_id=28\" class=\"more-link\">Continuer la lecture<span class=\"screen-reader-text\"> de &laquo;&nbsp;\u00c0 propos&nbsp;&raquo;<\/span><\/a><\/p>\n","protected":false},"author":1,"featured_media":0,"parent":0,"menu_order":0,"comment_status":"closed","ping_status":"closed","template":"","meta":{"footnotes":""},"class_list":["post-28","page","type-page","status-publish","hentry"],"_links":{"self":[{"href":"https:\/\/monsfmp.ca\/index.php?rest_route=\/wp\/v2\/pages\/28","targetHints":{"allow":["GET"]}}],"collection":[{"href":"https:\/\/monsfmp.ca\/index.php?rest_route=\/wp\/v2\/pages"}],"about":[{"href":"https:\/\/monsfmp.ca\/index.php?rest_route=\/wp\/v2\/types\/page"}],"author":[{"embeddable":true,"href":"https:\/\/monsfmp.ca\/index.php?rest_route=\/wp\/v2\/users\/1"}],"replies":[{"embeddable":true,"href":"https:\/\/monsfmp.ca\/index.php?rest_route=%2Fwp%2Fv2%2Fcomments&post=28"}],"version-history":[{"count":23,"href":"https:\/\/monsfmp.ca\/index.php?rest_route=\/wp\/v2\/pages\/28\/revisions"}],"predecessor-version":[{"id":493,"href":"https:\/\/monsfmp.ca\/index.php?rest_route=\/wp\/v2\/pages\/28\/revisions\/493"}],"wp:attachment":[{"href":"https:\/\/monsfmp.ca\/index.php?rest_route=%2Fwp%2Fv2%2Fmedia&parent=28"}],"curies":[{"name":"wp","href":"https:\/\/api.w.org\/{rel}","templated":true}]}}