{"id":68,"date":"2020-09-03T14:07:47","date_gmt":"2020-09-03T18:07:47","guid":{"rendered":"http:\/\/monsfmp.ca\/?page_id=68"},"modified":"2023-04-13T11:04:40","modified_gmt":"2023-04-13T15:04:40","slug":"covid-19","status":"publish","type":"page","link":"https:\/\/monsfmp.ca\/?page_id=68","title":{"rendered":"Covid-19"},"content":{"rendered":"\n<p>APSAM \/ CNESST<\/p>\n\n\n\n<p>Association paritaire pour la sant\u00e9 et la s\u00e9curit\u00e9 du travail, secteur (affaires municipales) <strong>APSAM<\/strong>: <a href=\"https:\/\/www.apsam.com\/theme\/risques-biologiques\/covid-19-coronavirus\">https:\/\/www.apsam.com\/theme\/risques-biologiques\/covid-19-coronavirus<\/a><\/p>\n\n\n\n<p>Commission des normes, de l&#8217;\u00e9quit\u00e9, de la sant\u00e9 et de la s\u00e9curit\u00e9 du travail<br><strong>CNESST<\/strong>: <a href=\"https:\/\/www.cnesst.gouv.qc.ca\/salle-de-presse\/covid-19\/Pages\/coronavirus.aspx\">https:\/\/www.cnesst.gouv.qc.ca\/salle-de-presse\/covid-19\/Pages\/coronavirus.aspx<\/a><\/p>\n\n\n\n<h2 class=\"wp-block-heading\">Communiqu\u00e9s archive<\/h2>\n\n\n\n<div class=\"wp-block-file\"><a id=\"wp-block-file--media-1fb5cb8d-cf34-44c5-8914-6837f61655f9\" href=\"http:\/\/monsfmp.ca\/wp-content\/uploads\/2020\/11\/Distribution-des-masques-SFMP_16-10-2020.pdf\">Distribution des masques SFMP &#8211; 16 octobre 2020<\/a><\/div>\n\n\n\n<div class=\"wp-block-file\"><a id=\"wp-block-file--media-ffbe524b-95cf-4478-aee3-79f223ab959c\" href=\"http:\/\/monsfmp.ca\/wp-content\/uploads\/2020\/11\/Retour-sur-les-lieux-de-travail-et-teletravail_11-05-2020.pdf\">Retour sur les lieux de travail et t\u00e9l\u00e9travail &#8211; 11 mai 2020<\/a><\/div>\n\n\n\n<div class=\"wp-block-file\"><a id=\"wp-block-file--media-41a0244b-351a-40cb-9d69-9133b5a48ab0\" href=\"http:\/\/monsfmp.ca\/wp-content\/uploads\/2020\/11\/Ouverture-des-lieux-de-travail-et-teletravail_2020-05-01.pdf\">Ouverture des lieux de travail et t\u00e9l\u00e9travail &#8211; 1 mai 2020<\/a><\/div>\n\n\n\n<div class=\"wp-block-file\"><a id=\"wp-block-file--media-3bff6753-9094-4982-acba-f2e7b7a86ed4\" href=\"http:\/\/monsfmp.ca\/wp-content\/uploads\/2020\/11\/Derniers-developpements_27-04-2020.pdf\">Derniers d\u00e9veloppements &#8211; 27 avril 2020<\/a><\/div>\n\n\n\n<div class=\"wp-block-file\"><a id=\"wp-block-file--media-e0dfa905-c2ba-495a-8c88-6e1483775060\" href=\"http:\/\/monsfmp.ca\/wp-content\/uploads\/2020\/11\/Choix-de-vacances_2020-04-15.pdf\">Choix de vacances &#8211; 15 avril  2020<\/a><\/div>\n\n\n\n<div class=\"wp-block-file\"><a id=\"wp-block-file--media-6db451ee-69c8-40ef-8f22-52250f342f5d\" href=\"http:\/\/monsfmp.ca\/wp-content\/uploads\/2020\/11\/Affichage_06-04-2020.pdf\">Affichage &#8211; 6 avril 2020<\/a><\/div>\n\n\n\n<div class=\"wp-block-file\"><a id=\"wp-block-file--media-367df14f-8b33-4be4-b564-e6ad2a6987e1\" href=\"http:\/\/monsfmp.ca\/wp-content\/uploads\/2020\/11\/Mouvement-de-personnel_03-04-2020.pdf\">Mouvement de personnel &#8211; 3 avril 2020<\/a><\/div>\n\n\n\n<div class=\"wp-block-file\"><a id=\"wp-block-file--media-5513c425-ca9e-4afa-9c13-8e13d94eada5\" href=\"http:\/\/monsfmp.ca\/wp-content\/uploads\/2020\/11\/Choix-de-vacances_2020-04-01.pdf\">Choix de vacances &#8211; 1 avril 2020<\/a><\/div>\n\n\n\n<div class=\"wp-block-file\"><a id=\"wp-block-file--media-6e41045c-8b4b-4a62-ba44-6b011c5d80d4\" href=\"http:\/\/monsfmp.ca\/wp-content\/uploads\/2020\/11\/Teletravail_informations_30-03-2020.pdf\">T\u00e9l\u00e9travail &#8211; Informations &#8211; 30 mars 2020<\/a><\/div>\n\n\n\n<div class=\"wp-block-file\"><a id=\"wp-block-file--media-71b8cbf4-9e5c-4e3d-aa2a-e90792fa73fb\" href=\"http:\/\/monsfmp.ca\/wp-content\/uploads\/2020\/11\/Covid-19_Maintien-salarial_27-03-2020.pdf\">Covid-19 &#8211; Maintien-salarial &#8211; 27 mars 2020<\/a><\/div>\n\n\n\n<div class=\"wp-block-file\"><a id=\"wp-block-file--media-3c650b0e-752a-44e6-b7fe-f05c5ce6221d\" href=\"http:\/\/monsfmp.ca\/wp-content\/uploads\/2020\/11\/Covid-19_Salaire_25-03-2020.pdf\">Covid-19 &#8211; Salaire- 25 mars 2020<\/a><\/div>\n\n\n\n<div class=\"wp-block-file\"><a id=\"wp-block-file--media-a60faeab-7be0-4368-8593-01d8b39413c6\" href=\"http:\/\/monsfmp.ca\/wp-content\/uploads\/2020\/11\/Fermeture-des-comptoir-de-services_20-03-2020.pdf\">Fermeture des comptoir de services &#8211; 20 mars 2020<\/a><\/div>\n\n\n\n<div class=\"wp-block-file\"><a id=\"wp-block-file--media-bffe780a-7eef-4861-9864-673561d54289\" href=\"http:\/\/monsfmp.ca\/wp-content\/uploads\/2020\/11\/Services-directs-aux-citoyens-Comptoirs-de-services_18-03-2020.pdf\">Services directs aux citoyens &#8211; Comptoirs de services &#8211; 18 mars 2020<\/a><\/div>\n\n\n\n<div class=\"wp-block-file\"><a id=\"wp-block-file--media-5b17f15b-cf5d-4c72-b56a-06477cfaa9d4\" href=\"http:\/\/monsfmp.ca\/wp-content\/uploads\/2020\/11\/Derniere-nouvelles-Covid-19_18-03-2020.pdf\">Derni\u00e8res nouvelles Covid-19 &#8211; 18 mars 2020<\/a><\/div>\n","protected":false},"excerpt":{"rendered":"<p>APSAM \/ CNESST Association paritaire pour la sant\u00e9 et la s\u00e9curit\u00e9 du travail, secteur (affaires municipales) APSAM: https:\/\/www.apsam.com\/theme\/risques-biologiques\/covid-19-coronavirus Commission des normes, de l&#8217;\u00e9quit\u00e9, de la sant\u00e9 et de la s\u00e9curit\u00e9 du travailCNESST: https:\/\/www.cnesst.gouv.qc.ca\/salle-de-presse\/covid-19\/Pages\/coronavirus.aspx Communiqu\u00e9s archive<\/p>\n","protected":false},"author":1,"featured_media":0,"parent":0,"menu_order":0,"comment_status":"closed","ping_status":"closed","template":"","meta":{"footnotes":""},"class_list":["post-68","page","type-page","status-publish","hentry"],"_links":{"self":[{"href":"https:\/\/monsfmp.ca\/index.php?rest_route=\/wp\/v2\/pages\/68","targetHints":{"allow":["GET"]}}],"collection":[{"href":"https:\/\/monsfmp.ca\/index.php?rest_route=\/wp\/v2\/pages"}],"about":[{"href":"https:\/\/monsfmp.ca\/index.php?rest_route=\/wp\/v2\/types\/page"}],"author":[{"embeddable":true,"href":"https:\/\/monsfmp.ca\/index.php?rest_route=\/wp\/v2\/users\/1"}],"replies":[{"embeddable":true,"href":"https:\/\/monsfmp.ca\/index.php?rest_route=%2Fwp%2Fv2%2Fcomments&post=68"}],"version-history":[{"count":10,"href":"https:\/\/monsfmp.ca\/index.php?rest_route=\/wp\/v2\/pages\/68\/revisions"}],"predecessor-version":[{"id":465,"href":"https:\/\/monsfmp.ca\/index.php?rest_route=\/wp\/v2\/pages\/68\/revisions\/465"}],"wp:attachment":[{"href":"https:\/\/monsfmp.ca\/index.php?rest_route=%2Fwp%2Fv2%2Fmedia&parent=68"}],"curies":[{"name":"wp","href":"https:\/\/api.w.org\/{rel}","templated":true}]}}